{"id":3434,"date":"2025-08-16T05:14:53","date_gmt":"2025-08-16T05:14:53","guid":{"rendered":"https:\/\/darkgray-badger-152457.hostingersite.com\/contact-us\/"},"modified":"2025-11-21T07:08:57","modified_gmt":"2025-11-21T07:08:57","slug":"contato","status":"publish","type":"page","link":"https:\/\/mozzatravel.com.br\/en\/contato\/","title":{"rendered":"contact us"},"content":{"rendered":"<div data-elementor-type=\"wp-page\" data-elementor-id=\"3434\" class=\"elementor elementor-3434\">\n\t\t\t\t<div class=\"elementor-element elementor-element-40957b2 e-con-full e-flex e-con e-parent\" data-id=\"40957b2\" data-element_type=\"container\">\n\t\t<div class=\"elementor-element elementor-element-61e49cc e-con-full e-flex e-con e-child\" data-id=\"61e49cc\" data-element_type=\"container\" data-settings=\"{&quot;background_background&quot;:&quot;classic&quot;}\">\n\t\t\t\t<\/div>\n\t\t\t\t<\/div>\n\t\t<div class=\"elementor-element elementor-element-303fe0b e-flex e-con-boxed e-con e-parent\" data-id=\"303fe0b\" data-element_type=\"container\">\n\t\t\t\t\t<div class=\"e-con-inner\">\n\t\t\t\t<div class=\"elementor-element elementor-element-c0e04c1 elementor-hidden-desktop elementor-hidden-tablet elementor-widget elementor-widget-spacer\" data-id=\"c0e04c1\" data-element_type=\"widget\" data-widget_type=\"spacer.default\">\n\t\t\t\t<div class=\"elementor-widget-container\">\n\t\t\t\t\t\t\t<div class=\"elementor-spacer\">\n\t\t\t<div class=\"elementor-spacer-inner\"><\/div>\n\t\t<\/div>\n\t\t\t\t\t\t<\/div>\n\t\t\t\t<\/div>\n\t\t\t\t\t<\/div>\n\t\t\t\t<\/div>\n\t\t<div class=\"elementor-element elementor-element-24c16cf6 e-flex e-con-boxed e-con e-parent\" data-id=\"24c16cf6\" data-element_type=\"container\">\n\t\t\t\t\t<div class=\"e-con-inner\">\n\t\t<div class=\"elementor-element elementor-element-71f79242 e-con-full e-flex e-con e-child\" data-id=\"71f79242\" data-element_type=\"container\">\n\t\t\t\t<div class=\"elementor-element elementor-element-4083a1f8 elementor-invisible elementor-widget elementor-widget-heading\" data-id=\"4083a1f8\" data-element_type=\"widget\" data-settings=\"{&quot;_animation&quot;:&quot;fadeIn&quot;}\" data-widget_type=\"heading.default\">\n\t\t\t\t<div class=\"elementor-widget-container\">\n\t\t\t\t\t<h2 class=\"elementor-heading-title elementor-size-default\">get in touch<\/h2>\t\t\t\t<\/div>\n\t\t\t\t<\/div>\n\t\t\t\t<div class=\"elementor-element elementor-element-6eec4499 elementor-widget elementor-widget-text-editor\" data-id=\"6eec4499\" data-element_type=\"widget\" data-widget_type=\"text-editor.default\">\n\t\t\t\t<div class=\"elementor-widget-container\">\n\t\t\t\t\t\t\t\t\t<p>Fill out the form and we\u2019ll get in touch soon!<\/p>\t\t\t\t\t\t\t\t<\/div>\n\t\t\t\t<\/div>\n\t\t\t\t<div class=\"elementor-element elementor-element-aff69b9 elementor-widget elementor-widget-wpforms\" data-id=\"aff69b9\" data-element_type=\"widget\" data-widget_type=\"wpforms.default\">\n\t\t\t\t<div class=\"elementor-widget-container\">\n\t\t\t\t\t<div class=\"wpforms-container wpforms-render-modern\" id=\"wpforms-4\"><form id=\"wpforms-form-4\" class=\"wpforms-validate wpforms-form wpforms-ajax-form\" data-formid=\"4\" method=\"post\" enctype=\"multipart\/form-data\" action=\"\/en\/wp-json\/wp\/v2\/pages\/3434\" data-token=\"19ce07dc841d74ba45a123f04247f2b5\" data-token-time=\"1776153247\" data-trp-original-action=\"\/en\/wp-json\/wp\/v2\/pages\/3434\"><noscript class=\"wpforms-error-noscript\">Please enable JavaScript in your browser to complete this form.<\/noscript><div id=\"wpforms-error-noscript\" style=\"display: none;\">Please enable JavaScript in your browser to complete this form.<\/div><div class=\"wpforms-field-container\"><div id=\"wpforms-4-field_0-container\" class=\"wpforms-field wpforms-field-name\" data-field-id=\"0\"><label class=\"wpforms-field-label wpforms-label-hide\" for=\"wpforms-4-field_0\" aria-hidden=\"false\">Name <span class=\"wpforms-required-label\" aria-hidden=\"true\">*<\/span><\/label><input type=\"text\" id=\"wpforms-4-field_0\" class=\"wpforms-field-large wpforms-field-required\" name=\"wpforms[fields][0]\" placeholder=\"Name\" aria-errormessage=\"wpforms-4-field_0-error\" required><\/div><div id=\"wpforms-4-field_1-container\" class=\"wpforms-field wpforms-field-email\" data-field-id=\"1\"><label class=\"wpforms-field-label wpforms-label-hide\" for=\"wpforms-4-field_1\" aria-hidden=\"false\">e-mail <span class=\"wpforms-required-label\" aria-hidden=\"true\">*<\/span><\/label><input type=\"email\" id=\"wpforms-4-field_1\" class=\"wpforms-field-large wpforms-field-required\" name=\"wpforms[fields][1]\" placeholder=\"E-mail Address\" spellcheck=\"false\" aria-errormessage=\"wpforms-4-field_1-error\" required><\/div>\t\t<div id=\"wpforms-4-field_3-container\"\n\t\t\tclass=\"wpforms-field wpforms-field-text\"\n\t\t\tdata-field-type=\"text\"\n\t\t\tdata-field-id=\"3\"\n\t\t\t>\n\t\t\t<label class=\"wpforms-field-label\" for=\"wpforms-4-field_3\" >e-mail mensagem nome<\/label>\n\t\t\t<input type=\"text\" id=\"wpforms-4-field_3\" class=\"wpforms-field-medium\" name=\"wpforms[fields][3]\" >\n\t\t<\/div>\n\t\t<div id=\"wpforms-4-field_2-container\" class=\"wpforms-field wpforms-field-textarea\" data-field-id=\"2\"><label class=\"wpforms-field-label wpforms-label-hide\" for=\"wpforms-4-field_2\" aria-hidden=\"false\">Message <span class=\"wpforms-required-label\" aria-hidden=\"true\">*<\/span><\/label><textarea id=\"wpforms-4-field_2\" class=\"wpforms-field-medium wpforms-field-required\" name=\"wpforms[fields][2]\" placeholder=\"Message\" aria-errormessage=\"wpforms-4-field_2-error\" required><\/textarea><\/div><script>\n\t\t\t\t( function() {\n\t\t\t\t\tconst style = document.createElement( 'style' );\n\t\t\t\t\tstyle.appendChild( document.createTextNode( '#wpforms-4-field_3-container { position: absolute !important; overflow: hidden !important; display: inline !important; height: 1px !important; width: 1px !important; z-index: -1000 !important; padding: 0 !important; } #wpforms-4-field_3-container input { visibility: hidden; } #wpforms-conversational-form-page #wpforms-4-field_3-container label { counter-increment: none; }' ) );\n\t\t\t\t\tdocument.head.appendChild( style );\n\t\t\t\t\tdocument.currentScript?.remove();\n\t\t\t\t} )();\n\t\t\t<\/script><\/div><!-- .wpforms-field-container --><div class=\"wpforms-submit-container\" ><input type=\"hidden\" name=\"wpforms[id]\" value=\"4\"><input type=\"hidden\" name=\"page_title\" value=\"\"><input type=\"hidden\" name=\"page_url\" value=\"https:\/\/mozzatravel.com.br\/en\/wp-json\/wp\/v2\/pages\/3434\"><input type=\"hidden\" name=\"url_referer\" value=\"\"><button type=\"submit\" name=\"wpforms[submit]\" id=\"wpforms-submit-4\" class=\"wpforms-submit\" data-alt-text=\"enviando...\" data-submit-text=\"enviar\" aria-live=\"assertive\" value=\"wpforms-submit\">SEND<\/button><img decoding=\"async\" src=\"https:\/\/mozzatravel.com.br\/wp-content\/plugins\/wpforms-lite\/assets\/images\/submit-spin.svg\" class=\"wpforms-submit-spinner\" style=\"display: none;\" width=\"26\" height=\"26\" alt=\"Loading\"><\/div><input type=\"hidden\" name=\"trp-form-language\" value=\"en\"\/><\/form><\/div>  <!-- .wpforms-container -->\t\t\t\t<\/div>\n\t\t\t\t<\/div>\n\t\t\t\t<\/div>\n\t\t\t\t\t<\/div>\n\t\t\t\t<\/div>\n\t\t<div class=\"elementor-element elementor-element-57c4f29 e-flex e-con-boxed e-con e-parent\" data-id=\"57c4f29\" data-element_type=\"container\">\n\t\t\t\t\t<div class=\"e-con-inner\">\n\t\t\t\t<div class=\"elementor-element elementor-element-71c41ca elementor-hidden-desktop elementor-hidden-tablet elementor-widget elementor-widget-spacer\" data-id=\"71c41ca\" data-element_type=\"widget\" data-widget_type=\"spacer.default\">\n\t\t\t\t<div class=\"elementor-widget-container\">\n\t\t\t\t\t\t\t<div class=\"elementor-spacer\">\n\t\t\t<div class=\"elementor-spacer-inner\"><\/div>\n\t\t<\/div>\n\t\t\t\t\t\t<\/div>\n\t\t\t\t<\/div>\n\t\t\t\t\t<\/div>\n\t\t\t\t<\/div>\n\t\t<div class=\"elementor-element elementor-element-7787c91 e-flex e-con-boxed e-con e-parent\" data-id=\"7787c91\" data-element_type=\"container\">\n\t\t\t\t\t<div class=\"e-con-inner\">\n\t\t<div class=\"elementor-element elementor-element-d2c98b1 e-con-full e-flex e-con e-child\" data-id=\"d2c98b1\" data-element_type=\"container\">\n\t\t\t\t<div class=\"elementor-element elementor-element-8672891 elementor-invisible elementor-widget elementor-widget-heading\" data-id=\"8672891\" data-element_type=\"widget\" data-settings=\"{&quot;_animation&quot;:&quot;fadeIn&quot;}\" data-widget_type=\"heading.default\">\n\t\t\t\t<div class=\"elementor-widget-container\">\n\t\t\t\t\t<h2 class=\"elementor-heading-title elementor-size-default\">Frequently Asked Questions<\/h2>\t\t\t\t<\/div>\n\t\t\t\t<\/div>\n\t\t\t\t<\/div>\n\t\t<div class=\"elementor-element elementor-element-8820ec5 e-con-full e-flex e-con e-child\" data-id=\"8820ec5\" data-element_type=\"container\">\n\t\t\t\t<div class=\"elementor-element elementor-element-959ea20 elementor-invisible elementor-widget elementor-widget-html\" data-id=\"959ea20\" data-element_type=\"widget\" data-settings=\"{&quot;_animation&quot;:&quot;fadeIn&quot;}\" data-widget_type=\"html.default\">\n\t\t\t\t<div class=\"elementor-widget-container\">\n\t\t\t\t\t<div class=\"faq-section\">\r\n\r\n  <div class=\"faq-item\">\r\n    <h3>01. What\u2019s the cost?<\/h3>\r\n    <p>Since each trip is highly personalized for you, we\u2019ll send you an official quote after our initial consultation. If you already know where you\u2019d like to stay, the <strong>Mozza Hot\u00e9is<\/strong> is always free!<\/p>\r\n  <\/div>\r\n\r\n  <div class=\"faq-item\">\r\n    <h3>02. Why are hotel reservations through Mozza Hot\u00e9is free of charge?<\/h3>\r\n    <p>When you book through a travel agency, we receive a commission from the hotel. This means you don\u2019t pay anything extra! That is one of the ways travel agencies sustain their business. The planning fee is only charged for services that don\u2019t generate commission.<\/p>\r\n  <\/div>\r\n\r\n  <div class=\"faq-item\">\r\n    <h3>03. Will I pay more if I book a hotel with Mozza Travel than if I book it on my own?<\/h3>\r\n    <p>Most of the time, the cost will be <strong>EXACTLY<\/strong> the same as if you booked on your own. In some cases, it may be slightly higher, but the difference is usually minimal and the exclusive benefits more than make up for it. If you prefer, we can also book the standard rate you find elsewhere, without the added benefits.<\/p>\r\n  <\/div>\r\n\r\n  <div class=\"faq-item\">\r\n    <h3>04. What if I\u2019ve already booked my hotel?<\/h3>\r\n    <p>No problem! Get in touch with us at <a href=\"mailto:mariana.iuata@fora.travel\">mariana.iuata@fora.travel<\/a> and we\u2019ll check if it\u2019s possible to transfer your booking. This means we\u2019ll be added as the responsible travel agents and you\u2019ll still enjoy exclusive benefits at no extra cost.<\/p>\r\n  <\/div>\r\n\r\n  <div class=\"faq-item\">\r\n    <h3>05. Do you book flights?<\/h3>\r\n    <p>Yes. It\u2019s important to note that there may be an additional fee for this service.<\/p>\r\n  <\/div>\r\n\r\n  <div class=\"faq-item\">\r\n    <h3>06. Do you make restaurant reservations?<\/h3>\r\n    <p>Yes, we make restaurant reservations exclusively for <strong>Mozza VIP<\/strong>clients. For <strong>Mozza Essencial<\/strong>plan, this service is not included. With <strong>Mozza VIP<\/strong>, we take care of all the reservations and, in addition, you also receive personalized recommendations.<\/p>\r\n  <\/div>\r\n\r\n  <div class=\"faq-item\">\r\n    <h3>07. When should I get in touch?<\/h3>\r\n    <p>It depends on the destination and type of trip, but ideally you should contact us <strong>6 to 12 months in advance<\/strong>. We always recommend: the earlier, the better! This way, we can secure the best hotels, tours, and exclusive experiences.<\/p>\r\n  <\/div>\r\n\r\n  <div class=\"faq-item\">\r\n    <h3>08. What is the best payment method? Can I pay in installments?<\/h3>\r\n    <p>Aceitamos PIX e todos os principais cart\u00f5es de cr\u00e9dito. Aceitamos parcelamento (cobramos taxas extras). O planejamento s\u00f3 come\u00e7a ap\u00f3s a confirma\u00e7\u00e3o do pagamento.<\/p>\r\n  <\/div>\r\n\r\n  <div class=\"faq-item\">\r\n    <h3>09. What\u2019s the difference between Mozza Essencial and Mozza VIP?<\/h3>\r\n    <p>The biggest difference lies in <strong>curation and personalization.<\/strong>:<br><br>\r\n      For <strong>Mozza Essencial<\/strong>, you get hotel bookings, tours, and transfers arranged by us, and you fill in the rest of the trip as you prefer.<br>\r\n      For <strong>Mozza VIP<\/strong>, in addition to what is already included in the Essencial, we also book your flight and make restaurant reservations, along with exclusive activity suggestions for your free time.\r\n    <\/p>\r\n  <\/div>\r\n\r\n<\/div>\r\n\r\n<style>\r\n  .faq-section {\r\n    max-width: 800px;\r\n    margin: auto;\r\n  }\r\n  .faq-item {\r\n    border-bottom: 1px solid #ddd;\r\n    padding: 15px 0;\r\n  }\r\n  .faq-item h3 {\r\n    font-family: 'Playfair Display', serif;\r\n    font-size: 18px;\r\n    cursor: pointer;\r\n    margin: 0;\r\n    color: #367338;\r\n  }\r\n  .faq-item p {\r\n    font-family: 'Open Sans', sans-serif;\r\n    display: none;\r\n    margin-top: 10px;\r\n    color: #000;\r\n    line-height: 1.5;\r\n    font-size: 14px;\r\n  }\r\n  .faq-item.active p {\r\n    display: block;\r\n  }\r\n<\/style>\r\n\r\n<script>\r\n  document.querySelectorAll(\".faq-item h3\").forEach(item => {\r\n    item.addEventListener(\"click\", () => {\r\n      const parent = item.parentElement;\r\n      parent.classList.toggle(\"active\");\r\n    });\r\n  });\r\n<\/script>\r\n\r\n\t\t\t\t<\/div>\n\t\t\t\t<\/div>\n\t\t\t\t<\/div>\n\t\t\t\t\t<\/div>\n\t\t\t\t<\/div>\n\t\t\t\t<\/div>","protected":false},"excerpt":{"rendered":"<p>entre em contato Preencha o formul\u00e1rio e em breve entraremos em contato! Ative o JavaScript no seu navegador para preencher este formul\u00e1rio.Ative o JavaScript no seu navegador para preencher este formul\u00e1rio.nome *e-mail *mensagem * enviar Perguntas Frequentes 01. Quanto custa? Como cada viagem \u00e9 altamente personalizada para voc\u00ea, enviaremos um or\u00e7amento oficial ap\u00f3s nossa consultoria [&hellip;]<\/p>","protected":false},"author":1,"featured_media":0,"parent":0,"menu_order":0,"comment_status":"closed","ping_status":"closed","template":"elementor_header_footer","meta":{"site-sidebar-layout":"default","site-content-layout":"","ast-site-content-layout":"default","site-content-style":"default","site-sidebar-style":"default","ast-global-header-display":"","ast-banner-title-visibility":"","ast-main-header-display":"","ast-hfb-above-header-display":"","ast-hfb-below-header-display":"","ast-hfb-mobile-header-display":"","site-post-title":"","ast-breadcrumbs-content":"","ast-featured-img":"","footer-sml-layout":"","theme-transparent-header-meta":"","adv-header-id-meta":"","stick-header-meta":"","header-above-stick-meta":"","header-main-stick-meta":"","header-below-stick-meta":"","astra-migrate-meta-layouts":"set","ast-page-background-enabled":"default","ast-page-background-meta":{"desktop":{"background-color":"var(--ast-global-color-4)","background-image":"","background-repeat":"repeat","background-position":"center center","background-size":"auto","background-attachment":"scroll","background-type":"","background-media":"","overlay-type":"","overlay-color":"","overlay-opacity":"","overlay-gradient":""},"tablet":{"background-color":"","background-image":"","background-repeat":"repeat","background-position":"center center","background-size":"auto","background-attachment":"scroll","background-type":"","background-media":"","overlay-type":"","overlay-color":"","overlay-opacity":"","overlay-gradient":""},"mobile":{"background-color":"","background-image":"","background-repeat":"repeat","background-position":"center center","background-size":"auto","background-attachment":"scroll","background-type":"","background-media":"","overlay-type":"","overlay-color":"","overlay-opacity":"","overlay-gradient":""}},"ast-content-background-meta":{"desktop":{"background-color":"var(--ast-global-color-5)","background-image":"","background-repeat":"repeat","background-position":"center center","background-size":"auto","background-attachment":"scroll","background-type":"","background-media":"","overlay-type":"","overlay-color":"","overlay-opacity":"","overlay-gradient":""},"tablet":{"background-color":"var(--ast-global-color-5)","background-image":"","background-repeat":"repeat","background-position":"center center","background-size":"auto","background-attachment":"scroll","background-type":"","background-media":"","overlay-type":"","overlay-color":"","overlay-opacity":"","overlay-gradient":""},"mobile":{"background-color":"var(--ast-global-color-5)","background-image":"","background-repeat":"repeat","background-position":"center center","background-size":"auto","background-attachment":"scroll","background-type":"","background-media":"","overlay-type":"","overlay-color":"","overlay-opacity":"","overlay-gradient":""}},"footnotes":""},"class_list":["post-3434","page","type-page","status-publish","hentry"],"yoast_head":"<!-- This site is optimized with the Yoast SEO plugin v26.6 - https:\/\/yoast.com\/wordpress\/plugins\/seo\/ -->\n<title>Contato - Mozza Travel<\/title>\n<meta name=\"description\" content=\"Quer viajar? Somos uma ag\u00eancia de viagens especializada em roteiros personalizados, passagens, hospedagens e experi\u00eancias \u00fanicas.\" \/>\n<meta name=\"robots\" content=\"index, follow, max-snippet:-1, max-image-preview:large, max-video-preview:-1\" \/>\n<link rel=\"canonical\" href=\"https:\/\/mozzatravel.com.br\/en\/contato\/\" \/>\n<meta property=\"og:locale\" content=\"en_US\" \/>\n<meta property=\"og:type\" content=\"article\" \/>\n<meta property=\"og:title\" content=\"Contato - Mozza Travel\" \/>\n<meta property=\"og:description\" content=\"Quer viajar? Somos uma ag\u00eancia de viagens especializada em roteiros personalizados, passagens, hospedagens e experi\u00eancias \u00fanicas.\" \/>\n<meta property=\"og:url\" content=\"https:\/\/mozzatravel.com.br\/en\/contato\/\" \/>\n<meta property=\"og:site_name\" content=\"Mozza Travel\" \/>\n<meta property=\"article:modified_time\" content=\"2025-11-21T07:08:57+00:00\" \/>\n<meta property=\"og:image\" content=\"https:\/\/mozzatravel.com.br\/wp-content\/plugins\/wpforms-lite\/assets\/images\/submit-spin.svg\" \/>\n<meta name=\"twitter:card\" content=\"summary_large_image\" \/>\n<meta name=\"twitter:label1\" content=\"Est. reading time\" \/>\n\t<meta name=\"twitter:data1\" content=\"3 minutes\" \/>\n<script type=\"application\/ld+json\" class=\"yoast-schema-graph\">{\"@context\":\"https:\/\/schema.org\",\"@graph\":[{\"@type\":\"WebPage\",\"@id\":\"https:\/\/mozzatravel.com.br\/contato\/\",\"url\":\"https:\/\/mozzatravel.com.br\/contato\/\",\"name\":\"Contato - Mozza Travel\",\"isPartOf\":{\"@id\":\"https:\/\/mozzatravel.com.br\/#website\"},\"primaryImageOfPage\":{\"@id\":\"https:\/\/mozzatravel.com.br\/contato\/#primaryimage\"},\"image\":{\"@id\":\"https:\/\/mozzatravel.com.br\/contato\/#primaryimage\"},\"thumbnailUrl\":\"https:\/\/mozzatravel.com.br\/wp-content\/plugins\/wpforms-lite\/assets\/images\/submit-spin.svg\",\"datePublished\":\"2025-08-16T05:14:53+00:00\",\"dateModified\":\"2025-11-21T07:08:57+00:00\",\"description\":\"Quer viajar? Somos uma ag\u00eancia de viagens especializada em roteiros personalizados, passagens, hospedagens e experi\u00eancias \u00fanicas.\",\"breadcrumb\":{\"@id\":\"https:\/\/mozzatravel.com.br\/contato\/#breadcrumb\"},\"inLanguage\":\"en-US\",\"potentialAction\":[{\"@type\":\"ReadAction\",\"target\":[\"https:\/\/mozzatravel.com.br\/contato\/\"]}]},{\"@type\":\"ImageObject\",\"inLanguage\":\"en-US\",\"@id\":\"https:\/\/mozzatravel.com.br\/contato\/#primaryimage\",\"url\":\"https:\/\/mozzatravel.com.br\/wp-content\/plugins\/wpforms-lite\/assets\/images\/submit-spin.svg\",\"contentUrl\":\"https:\/\/mozzatravel.com.br\/wp-content\/plugins\/wpforms-lite\/assets\/images\/submit-spin.svg\"},{\"@type\":\"BreadcrumbList\",\"@id\":\"https:\/\/mozzatravel.com.br\/contato\/#breadcrumb\",\"itemListElement\":[{\"@type\":\"ListItem\",\"position\":1,\"name\":\"In\u00edcio\",\"item\":\"https:\/\/mozzatravel.com.br\/en\/\"},{\"@type\":\"ListItem\",\"position\":2,\"name\":\"Contato\"}]},{\"@type\":\"WebSite\",\"@id\":\"https:\/\/mozzatravel.com.br\/#website\",\"url\":\"https:\/\/mozzatravel.com.br\/\",\"name\":\"mozza travel\",\"description\":\"ag\u00eancia de viagens especializada em criar experi\u00eancias sob medida.\",\"publisher\":{\"@id\":\"https:\/\/mozzatravel.com.br\/#organization\"},\"potentialAction\":[{\"@type\":\"SearchAction\",\"target\":{\"@type\":\"EntryPoint\",\"urlTemplate\":\"https:\/\/mozzatravel.com.br\/?s={search_term_string}\"},\"query-input\":{\"@type\":\"PropertyValueSpecification\",\"valueRequired\":true,\"valueName\":\"search_term_string\"}}],\"inLanguage\":\"en-US\"},{\"@type\":\"Organization\",\"@id\":\"https:\/\/mozzatravel.com.br\/#organization\",\"name\":\"Mozza Travel\",\"url\":\"https:\/\/mozzatravel.com.br\/\",\"logo\":{\"@type\":\"ImageObject\",\"inLanguage\":\"en-US\",\"@id\":\"https:\/\/mozzatravel.com.br\/#\/schema\/logo\/image\/\",\"url\":\"https:\/\/mozzatravel.com.br\/wp-content\/uploads\/2025\/08\/logo-mozza-travel-verde-es.png\",\"contentUrl\":\"https:\/\/mozzatravel.com.br\/wp-content\/uploads\/2025\/08\/logo-mozza-travel-verde-es.png\",\"width\":1600,\"height\":400,\"caption\":\"Mozza Travel\"},\"image\":{\"@id\":\"https:\/\/mozzatravel.com.br\/#\/schema\/logo\/image\/\"},\"sameAs\":[\"https:\/\/instagram.com\/mozzatravel\"]}]}<\/script>\n<!-- \/ Yoast SEO plugin. -->","yoast_head_json":{"title":"Contato - Mozza Travel","description":"Quer viajar? Somos uma ag\u00eancia de viagens especializada em roteiros personalizados, passagens, hospedagens e experi\u00eancias \u00fanicas.","robots":{"index":"index","follow":"follow","max-snippet":"max-snippet:-1","max-image-preview":"max-image-preview:large","max-video-preview":"max-video-preview:-1"},"canonical":"https:\/\/mozzatravel.com.br\/en\/contato\/","og_locale":"en_US","og_type":"article","og_title":"Contato - Mozza Travel","og_description":"Quer viajar? Somos uma ag\u00eancia de viagens especializada em roteiros personalizados, passagens, hospedagens e experi\u00eancias \u00fanicas.","og_url":"https:\/\/mozzatravel.com.br\/en\/contato\/","og_site_name":"Mozza Travel","article_modified_time":"2025-11-21T07:08:57+00:00","og_image":[{"url":"https:\/\/mozzatravel.com.br\/wp-content\/plugins\/wpforms-lite\/assets\/images\/submit-spin.svg","type":"","width":"","height":""}],"twitter_card":"summary_large_image","twitter_misc":{"Est. reading time":"3 minutes"},"schema":{"@context":"https:\/\/schema.org","@graph":[{"@type":"WebPage","@id":"https:\/\/mozzatravel.com.br\/contato\/","url":"https:\/\/mozzatravel.com.br\/contato\/","name":"Contato - Mozza Travel","isPartOf":{"@id":"https:\/\/mozzatravel.com.br\/#website"},"primaryImageOfPage":{"@id":"https:\/\/mozzatravel.com.br\/contato\/#primaryimage"},"image":{"@id":"https:\/\/mozzatravel.com.br\/contato\/#primaryimage"},"thumbnailUrl":"https:\/\/mozzatravel.com.br\/wp-content\/plugins\/wpforms-lite\/assets\/images\/submit-spin.svg","datePublished":"2025-08-16T05:14:53+00:00","dateModified":"2025-11-21T07:08:57+00:00","description":"Quer viajar? Somos uma ag\u00eancia de viagens especializada em roteiros personalizados, passagens, hospedagens e experi\u00eancias \u00fanicas.","breadcrumb":{"@id":"https:\/\/mozzatravel.com.br\/contato\/#breadcrumb"},"inLanguage":"en-US","potentialAction":[{"@type":"ReadAction","target":["https:\/\/mozzatravel.com.br\/contato\/"]}]},{"@type":"ImageObject","inLanguage":"en-US","@id":"https:\/\/mozzatravel.com.br\/contato\/#primaryimage","url":"https:\/\/mozzatravel.com.br\/wp-content\/plugins\/wpforms-lite\/assets\/images\/submit-spin.svg","contentUrl":"https:\/\/mozzatravel.com.br\/wp-content\/plugins\/wpforms-lite\/assets\/images\/submit-spin.svg"},{"@type":"BreadcrumbList","@id":"https:\/\/mozzatravel.com.br\/contato\/#breadcrumb","itemListElement":[{"@type":"ListItem","position":1,"name":"In\u00edcio","item":"https:\/\/mozzatravel.com.br\/en\/"},{"@type":"ListItem","position":2,"name":"Contato"}]},{"@type":"WebSite","@id":"https:\/\/mozzatravel.com.br\/#website","url":"https:\/\/mozzatravel.com.br\/","name":"mozza travel","description":"ag\u00eancia de viagens especializada em criar experi\u00eancias sob medida.","publisher":{"@id":"https:\/\/mozzatravel.com.br\/#organization"},"potentialAction":[{"@type":"SearchAction","target":{"@type":"EntryPoint","urlTemplate":"https:\/\/mozzatravel.com.br\/?s={search_term_string}"},"query-input":{"@type":"PropertyValueSpecification","valueRequired":true,"valueName":"search_term_string"}}],"inLanguage":"en-US"},{"@type":"Organization","@id":"https:\/\/mozzatravel.com.br\/#organization","name":"Mozza Travel","url":"https:\/\/mozzatravel.com.br\/","logo":{"@type":"ImageObject","inLanguage":"en-US","@id":"https:\/\/mozzatravel.com.br\/#\/schema\/logo\/image\/","url":"https:\/\/mozzatravel.com.br\/wp-content\/uploads\/2025\/08\/logo-mozza-travel-verde-es.png","contentUrl":"https:\/\/mozzatravel.com.br\/wp-content\/uploads\/2025\/08\/logo-mozza-travel-verde-es.png","width":1600,"height":400,"caption":"Mozza Travel"},"image":{"@id":"https:\/\/mozzatravel.com.br\/#\/schema\/logo\/image\/"},"sameAs":["https:\/\/instagram.com\/mozzatravel"]}]}},"_hostinger_reach_plugin_has_subscription_block":false,"_hostinger_reach_plugin_is_elementor":false,"_links":{"self":[{"href":"https:\/\/mozzatravel.com.br\/en\/wp-json\/wp\/v2\/pages\/3434","targetHints":{"allow":["GET"]}}],"collection":[{"href":"https:\/\/mozzatravel.com.br\/en\/wp-json\/wp\/v2\/pages"}],"about":[{"href":"https:\/\/mozzatravel.com.br\/en\/wp-json\/wp\/v2\/types\/page"}],"author":[{"embeddable":true,"href":"https:\/\/mozzatravel.com.br\/en\/wp-json\/wp\/v2\/users\/1"}],"replies":[{"embeddable":true,"href":"https:\/\/mozzatravel.com.br\/en\/wp-json\/wp\/v2\/comments?post=3434"}],"version-history":[{"count":56,"href":"https:\/\/mozzatravel.com.br\/en\/wp-json\/wp\/v2\/pages\/3434\/revisions"}],"predecessor-version":[{"id":4187,"href":"https:\/\/mozzatravel.com.br\/en\/wp-json\/wp\/v2\/pages\/3434\/revisions\/4187"}],"wp:attachment":[{"href":"https:\/\/mozzatravel.com.br\/en\/wp-json\/wp\/v2\/media?parent=3434"}],"curies":[{"name":"wp","href":"https:\/\/api.w.org\/{rel}","templated":true}]}}