{"id":3450,"date":"2025-08-16T05:14:55","date_gmt":"2025-08-16T05:14:55","guid":{"rendered":"https:\/\/darkgray-badger-152457.hostingersite.com\/our-story\/"},"modified":"2025-09-28T04:00:25","modified_gmt":"2025-09-28T04:00:25","slug":"sobre","status":"publish","type":"page","link":"https:\/\/mozzatravel.com.br\/en\/sobre\/","title":{"rendered":"about"},"content":{"rendered":"<div data-elementor-type=\"wp-page\" data-elementor-id=\"3450\" class=\"elementor elementor-3450\">\n\t\t\t\t<div class=\"elementor-element elementor-element-a70c12d e-con-full e-flex e-con e-parent\" data-id=\"a70c12d\" data-element_type=\"container\">\n\t\t<div class=\"elementor-element elementor-element-8b3fa1b e-con-full elementor-hidden-mobile e-flex e-con e-child\" data-id=\"8b3fa1b\" data-element_type=\"container\" data-settings=\"{&quot;background_background&quot;:&quot;classic&quot;}\">\n\t\t\t\t<\/div>\n\t\t\t\t<\/div>\n\t\t<div class=\"elementor-element elementor-element-47a8853c e-flex e-con-boxed e-con e-parent\" data-id=\"47a8853c\" data-element_type=\"container\" data-settings=\"{&quot;background_background&quot;:&quot;classic&quot;}\">\n\t\t\t\t\t<div class=\"e-con-inner\">\n\t\t<div class=\"elementor-element elementor-element-17565af1 e-con-full e-flex e-con e-child\" data-id=\"17565af1\" data-element_type=\"container\" data-settings=\"{&quot;background_background&quot;:&quot;classic&quot;}\">\n\t\t\t\t<div class=\"elementor-element elementor-element-8c6d8c1 elementor-hidden-tablet elementor-widget elementor-widget-image\" data-id=\"8c6d8c1\" data-element_type=\"widget\" data-widget_type=\"image.default\">\n\t\t\t\t<div class=\"elementor-widget-container\">\n\t\t\t\t\t\t\t\t\t\t\t\t\t\t\t<img fetchpriority=\"high\" decoding=\"async\" width=\"683\" height=\"1024\" src=\"https:\/\/mozzatravel.com.br\/wp-content\/uploads\/2025\/08\/pexels-cao-vi-ton-449370203-17157519-683x1024.jpg\" class=\"attachment-large size-large wp-image-3568\" alt=\"\" srcset=\"https:\/\/mozzatravel.com.br\/wp-content\/uploads\/2025\/08\/pexels-cao-vi-ton-449370203-17157519-683x1024.jpg 683w, https:\/\/mozzatravel.com.br\/wp-content\/uploads\/2025\/08\/pexels-cao-vi-ton-449370203-17157519-200x300.jpg 200w, https:\/\/mozzatravel.com.br\/wp-content\/uploads\/2025\/08\/pexels-cao-vi-ton-449370203-17157519-768x1152.jpg 768w, https:\/\/mozzatravel.com.br\/wp-content\/uploads\/2025\/08\/pexels-cao-vi-ton-449370203-17157519-1024x1536.jpg 1024w, https:\/\/mozzatravel.com.br\/wp-content\/uploads\/2025\/08\/pexels-cao-vi-ton-449370203-17157519-1365x2048.jpg 1365w, https:\/\/mozzatravel.com.br\/wp-content\/uploads\/2025\/08\/pexels-cao-vi-ton-449370203-17157519-scaled.jpg 1707w\" sizes=\"(max-width: 683px) 100vw, 683px\" \/>\t\t\t\t\t\t\t\t\t\t\t\t\t\t\t<\/div>\n\t\t\t\t<\/div>\n\t\t\t\t<\/div>\n\t\t<div class=\"elementor-element elementor-element-8734fb e-con-full e-flex e-con e-child\" data-id=\"8734fb\" data-element_type=\"container\">\n\t\t\t\t<div class=\"elementor-element elementor-element-3fd0410 elementor-invisible elementor-widget elementor-widget-heading\" data-id=\"3fd0410\" data-element_type=\"widget\" data-settings=\"{&quot;_animation&quot;:&quot;fadeIn&quot;}\" data-widget_type=\"heading.default\">\n\t\t\t\t<div class=\"elementor-widget-container\">\n\t\t\t\t\t<h1 class=\"elementor-heading-title elementor-size-default\">about us<\/h1>\t\t\t\t<\/div>\n\t\t\t\t<\/div>\n\t\t\t\t<div class=\"elementor-element elementor-element-662ba29b elementor-invisible elementor-widget elementor-widget-text-editor\" data-id=\"662ba29b\" data-element_type=\"widget\" data-settings=\"{&quot;_animation&quot;:&quot;fadeIn&quot;,&quot;_animation_delay&quot;:400}\" data-widget_type=\"text-editor.default\">\n\t\t\t\t<div class=\"elementor-widget-container\">\n\t\t\t\t\t\t\t\t\t<p data-start=\"163\" data-end=\"411\">To us, travel is more than ticking places off a list, it\u2019s a way to pause, be present, and savor life in a world that never stops.<\/p><p data-start=\"163\" data-end=\"411\">That\u2019s the essence we infuse into every journey we craft. From serene getaways to bold adventures, each itinerary is tailored uniquely to you, enriched by our own travel experiences.<\/p><p data-start=\"588\" data-end=\"1016\">We specialize in crafting immersive, one-of-a-kind journeys that weave together adventure, culture, and memories that stay with you forever.<\/p>\t\t\t\t\t\t\t\t<\/div>\n\t\t\t\t<\/div>\n\t\t\t\t<\/div>\n\t\t\t\t\t<\/div>\n\t\t\t\t<\/div>\n\t\t<div class=\"elementor-element elementor-element-243b162b e-flex e-con-boxed e-con e-parent\" data-id=\"243b162b\" data-element_type=\"container\">\n\t\t\t\t\t<div class=\"e-con-inner\">\n\t\t<div class=\"elementor-element elementor-element-46fd6c19 e-con-full e-flex e-con e-child\" data-id=\"46fd6c19\" data-element_type=\"container\">\n\t\t\t\t<div class=\"elementor-element elementor-element-642346c5 elementor-widget elementor-widget-heading\" data-id=\"642346c5\" data-element_type=\"widget\" data-widget_type=\"heading.default\">\n\t\t\t\t<div class=\"elementor-widget-container\">\n\t\t\t\t\t<h2 class=\"elementor-heading-title elementor-size-default\">mission<\/h2>\t\t\t\t<\/div>\n\t\t\t\t<\/div>\n\t\t\t\t<div class=\"elementor-element elementor-element-14575f6a elementor-widget__width-initial elementor-widget-mobile__width-inherit elementor-widget elementor-widget-text-editor\" data-id=\"14575f6a\" data-element_type=\"widget\" data-widget_type=\"text-editor.default\">\n\t\t\t\t<div class=\"elementor-widget-container\">\n\t\t\t\t\t\t\t\t\t<p>To create authentic and personalized travel experiences, offering curation, safety, and care in every detail.<\/p>\t\t\t\t\t\t\t\t<\/div>\n\t\t\t\t<\/div>\n\t\t\t\t<div class=\"elementor-element elementor-element-dbe90be elementor-widget elementor-widget-heading\" data-id=\"dbe90be\" data-element_type=\"widget\" data-widget_type=\"heading.default\">\n\t\t\t\t<div class=\"elementor-widget-container\">\n\t\t\t\t\t<h2 class=\"elementor-heading-title elementor-size-default\">vision<\/h2>\t\t\t\t<\/div>\n\t\t\t\t<\/div>\n\t\t\t\t<div class=\"elementor-element elementor-element-4af7bb5 elementor-widget__width-initial elementor-widget-mobile__width-inherit elementor-widget elementor-widget-text-editor\" data-id=\"4af7bb5\" data-element_type=\"widget\" data-widget_type=\"text-editor.default\">\n\t\t\t\t<div class=\"elementor-widget-container\">\n\t\t\t\t\t\t\t\t\t<p>To become a national reference in personalized travel, recognized for turning itineraries into memorable experiences, with excellence in service and genuine connection with travelers.<!-- notionvc: 6a3ef79d-c2ad-4d95-a574-72e16db15a3c --><\/p>\t\t\t\t\t\t\t\t<\/div>\n\t\t\t\t<\/div>\n\t\t\t\t<\/div>\n\t\t<div class=\"elementor-element elementor-element-e1c9ce9 e-con-full elementor-hidden-mobile e-flex e-con e-child\" data-id=\"e1c9ce9\" data-element_type=\"container\" data-settings=\"{&quot;background_background&quot;:&quot;classic&quot;}\">\n\t\t\t\t<div class=\"elementor-element elementor-element-1105a178 elementor-widget elementor-widget-image\" data-id=\"1105a178\" data-element_type=\"widget\" data-widget_type=\"image.default\">\n\t\t\t\t<div class=\"elementor-widget-container\">\n\t\t\t\t\t\t\t\t\t\t\t\t\t\t\t<img decoding=\"async\" width=\"1816\" height=\"2560\" src=\"https:\/\/mozzatravel.com.br\/wp-content\/uploads\/2025\/08\/pexels-eugenio-barboza-3882506-5833530-scaled.jpg\" class=\"attachment-full size-full wp-image-3566\" alt=\"\" srcset=\"https:\/\/mozzatravel.com.br\/wp-content\/uploads\/2025\/08\/pexels-eugenio-barboza-3882506-5833530-scaled.jpg 1816w, https:\/\/mozzatravel.com.br\/wp-content\/uploads\/2025\/08\/pexels-eugenio-barboza-3882506-5833530-213x300.jpg 213w, https:\/\/mozzatravel.com.br\/wp-content\/uploads\/2025\/08\/pexels-eugenio-barboza-3882506-5833530-726x1024.jpg 726w, https:\/\/mozzatravel.com.br\/wp-content\/uploads\/2025\/08\/pexels-eugenio-barboza-3882506-5833530-768x1083.jpg 768w, https:\/\/mozzatravel.com.br\/wp-content\/uploads\/2025\/08\/pexels-eugenio-barboza-3882506-5833530-1090x1536.jpg 1090w, https:\/\/mozzatravel.com.br\/wp-content\/uploads\/2025\/08\/pexels-eugenio-barboza-3882506-5833530-1453x2048.jpg 1453w\" sizes=\"(max-width: 1816px) 100vw, 1816px\" \/>\t\t\t\t\t\t\t\t\t\t\t\t\t\t\t<\/div>\n\t\t\t\t<\/div>\n\t\t\t\t<div class=\"elementor-element elementor-element-56eb71d6 elementor-widget elementor-widget-image\" data-id=\"56eb71d6\" data-element_type=\"widget\" data-widget_type=\"image.default\">\n\t\t\t\t<div class=\"elementor-widget-container\">\n\t\t\t\t\t\t\t\t\t\t\t\t\t\t\t<img decoding=\"async\" width=\"1707\" height=\"2560\" src=\"https:\/\/mozzatravel.com.br\/wp-content\/uploads\/2025\/08\/pexels-eugenio-barboza-3882506-5833471-scaled.jpg\" class=\"attachment-full size-full wp-image-3565\" alt=\"\" srcset=\"https:\/\/mozzatravel.com.br\/wp-content\/uploads\/2025\/08\/pexels-eugenio-barboza-3882506-5833471-scaled.jpg 1707w, https:\/\/mozzatravel.com.br\/wp-content\/uploads\/2025\/08\/pexels-eugenio-barboza-3882506-5833471-200x300.jpg 200w, https:\/\/mozzatravel.com.br\/wp-content\/uploads\/2025\/08\/pexels-eugenio-barboza-3882506-5833471-683x1024.jpg 683w, https:\/\/mozzatravel.com.br\/wp-content\/uploads\/2025\/08\/pexels-eugenio-barboza-3882506-5833471-768x1152.jpg 768w, https:\/\/mozzatravel.com.br\/wp-content\/uploads\/2025\/08\/pexels-eugenio-barboza-3882506-5833471-1024x1536.jpg 1024w, https:\/\/mozzatravel.com.br\/wp-content\/uploads\/2025\/08\/pexels-eugenio-barboza-3882506-5833471-1365x2048.jpg 1365w\" sizes=\"(max-width: 1707px) 100vw, 1707px\" \/>\t\t\t\t\t\t\t\t\t\t\t\t\t\t\t<\/div>\n\t\t\t\t<\/div>\n\t\t\t\t<\/div>\n\t\t\t\t\t<\/div>\n\t\t\t\t<\/div>\n\t\t<div class=\"elementor-element elementor-element-05f1072 e-flex e-con-boxed e-con e-parent\" data-id=\"05f1072\" data-element_type=\"container\">\n\t\t\t\t\t<div class=\"e-con-inner\">\n\t\t\t\t<div class=\"elementor-element elementor-element-087a5dd elementor-align-center elementor-widget elementor-widget-button\" data-id=\"087a5dd\" data-element_type=\"widget\" data-widget_type=\"button.default\">\n\t\t\t\t<div class=\"elementor-widget-container\">\n\t\t\t\t\t\t\t\t\t<div class=\"elementor-button-wrapper\">\n\t\t\t\t\t<a class=\"elementor-button elementor-button-link elementor-size-sm\" href=\"http:\/\/mozzatravel.com.br\/en\/servicos\/\">\n\t\t\t\t\t\t<span class=\"elementor-button-content-wrapper\">\n\t\t\t\t\t\t\t\t\t<span class=\"elementor-button-text\">Explore our services<\/span>\n\t\t\t\t\t<\/span>\n\t\t\t\t\t<\/a>\n\t\t\t\t<\/div>\n\t\t\t\t\t\t\t\t<\/div>\n\t\t\t\t<\/div>\n\t\t\t\t\t<\/div>\n\t\t\t\t<\/div>\n\t\t<div class=\"elementor-element elementor-element-ebd8381 e-flex e-con-boxed e-con e-parent\" data-id=\"ebd8381\" data-element_type=\"container\">\n\t\t\t\t\t<div class=\"e-con-inner\">\n\t\t\t\t<div class=\"elementor-element elementor-element-1a04203 elementor-widget elementor-widget-spacer\" data-id=\"1a04203\" data-element_type=\"widget\" data-widget_type=\"spacer.default\">\n\t\t\t\t<div class=\"elementor-widget-container\">\n\t\t\t\t\t\t\t<div class=\"elementor-spacer\">\n\t\t\t<div class=\"elementor-spacer-inner\"><\/div>\n\t\t<\/div>\n\t\t\t\t\t\t<\/div>\n\t\t\t\t<\/div>\n\t\t\t\t\t<\/div>\n\t\t\t\t<\/div>\n\t\t\t\t<\/div>","protected":false},"excerpt":{"rendered":"<p>sobre n\u00f3s Para n\u00f3s, viajar vai muito al\u00e9m de apenas riscar destinos de uma lista. Em um mundo que vive acelerado, \u00e9 uma forma de desacelerar, estar presente e realmente aproveitar a vida. \u00c9 esse sentimento que buscamos trazer para cada viagem que planejamos. Seja para quem sonha com uma escapada tranquila ou com uma [&hellip;]<\/p>","protected":false},"author":1,"featured_media":0,"parent":0,"menu_order":0,"comment_status":"closed","ping_status":"closed","template":"elementor_header_footer","meta":{"site-sidebar-layout":"default","site-content-layout":"","ast-site-content-layout":"default","site-content-style":"default","site-sidebar-style":"default","ast-global-header-display":"","ast-banner-title-visibility":"","ast-main-header-display":"","ast-hfb-above-header-display":"","ast-hfb-below-header-display":"","ast-hfb-mobile-header-display":"","site-post-title":"","ast-breadcrumbs-content":"","ast-featured-img":"","footer-sml-layout":"","theme-transparent-header-meta":"","adv-header-id-meta":"","stick-header-meta":"","header-above-stick-meta":"","header-main-stick-meta":"","header-below-stick-meta":"","astra-migrate-meta-layouts":"set","ast-page-background-enabled":"default","ast-page-background-meta":{"desktop":{"background-color":"var(--ast-global-color-4)","background-image":"","background-repeat":"repeat","background-position":"center center","background-size":"auto","background-attachment":"scroll","background-type":"","background-media":"","overlay-type":"","overlay-color":"","overlay-opacity":"","overlay-gradient":""},"tablet":{"background-color":"","background-image":"","background-repeat":"repeat","background-position":"center center","background-size":"auto","background-attachment":"scroll","background-type":"","background-media":"","overlay-type":"","overlay-color":"","overlay-opacity":"","overlay-gradient":""},"mobile":{"background-color":"","background-image":"","background-repeat":"repeat","background-position":"center center","background-size":"auto","background-attachment":"scroll","background-type":"","background-media":"","overlay-type":"","overlay-color":"","overlay-opacity":"","overlay-gradient":""}},"ast-content-background-meta":{"desktop":{"background-color":"var(--ast-global-color-5)","background-image":"","background-repeat":"repeat","background-position":"center center","background-size":"auto","background-attachment":"scroll","background-type":"","background-media":"","overlay-type":"","overlay-color":"","overlay-opacity":"","overlay-gradient":""},"tablet":{"background-color":"var(--ast-global-color-5)","background-image":"","background-repeat":"repeat","background-position":"center center","background-size":"auto","background-attachment":"scroll","background-type":"","background-media":"","overlay-type":"","overlay-color":"","overlay-opacity":"","overlay-gradient":""},"mobile":{"background-color":"var(--ast-global-color-5)","background-image":"","background-repeat":"repeat","background-position":"center center","background-size":"auto","background-attachment":"scroll","background-type":"","background-media":"","overlay-type":"","overlay-color":"","overlay-opacity":"","overlay-gradient":""}},"footnotes":""},"class_list":["post-3450","page","type-page","status-publish","hentry"],"yoast_head":"<!-- This site is optimized with the Yoast SEO plugin v26.6 - https:\/\/yoast.com\/wordpress\/plugins\/seo\/ -->\n<title>Sobre - Mozza Travel<\/title>\n<meta name=\"description\" content=\"Voc\u00ea sonha, n\u00f3s planejamos. Ag\u00eancia de viagens com roteiros personalizados, passagens, hospedagens e experi\u00eancias \u00fanicas.\" \/>\n<meta name=\"robots\" content=\"index, follow, max-snippet:-1, max-image-preview:large, max-video-preview:-1\" \/>\n<link rel=\"canonical\" href=\"https:\/\/mozzatravel.com.br\/en\/sobre\/\" \/>\n<meta property=\"og:locale\" content=\"en_US\" \/>\n<meta property=\"og:type\" content=\"article\" \/>\n<meta property=\"og:title\" content=\"Sobre - Mozza Travel\" \/>\n<meta property=\"og:description\" content=\"Voc\u00ea sonha, n\u00f3s planejamos. Ag\u00eancia de viagens com roteiros personalizados, passagens, hospedagens e experi\u00eancias \u00fanicas.\" \/>\n<meta property=\"og:url\" content=\"https:\/\/mozzatravel.com.br\/en\/sobre\/\" \/>\n<meta property=\"og:site_name\" content=\"Mozza Travel\" \/>\n<meta property=\"article:modified_time\" content=\"2025-09-28T04:00:25+00:00\" \/>\n<meta property=\"og:image\" content=\"https:\/\/mozzatravel.com.br\/wp-content\/uploads\/2025\/08\/pexels-cao-vi-ton-449370203-17157519-683x1024.jpg\" \/>\n<meta name=\"twitter:card\" content=\"summary_large_image\" \/>\n<meta name=\"twitter:label1\" content=\"Est. reading time\" \/>\n\t<meta name=\"twitter:data1\" content=\"2 minutes\" \/>\n<script type=\"application\/ld+json\" class=\"yoast-schema-graph\">{\"@context\":\"https:\/\/schema.org\",\"@graph\":[{\"@type\":\"WebPage\",\"@id\":\"https:\/\/mozzatravel.com.br\/en\/sobre\/\",\"url\":\"https:\/\/mozzatravel.com.br\/en\/sobre\/\",\"name\":\"Sobre - Mozza Travel\",\"isPartOf\":{\"@id\":\"https:\/\/mozzatravel.com.br\/#website\"},\"primaryImageOfPage\":{\"@id\":\"https:\/\/mozzatravel.com.br\/en\/sobre\/#primaryimage\"},\"image\":{\"@id\":\"https:\/\/mozzatravel.com.br\/en\/sobre\/#primaryimage\"},\"thumbnailUrl\":\"https:\/\/mozzatravel.com.br\/wp-content\/uploads\/2025\/08\/pexels-cao-vi-ton-449370203-17157519-683x1024.jpg\",\"datePublished\":\"2025-08-16T05:14:55+00:00\",\"dateModified\":\"2025-09-28T04:00:25+00:00\",\"description\":\"Voc\u00ea sonha, n\u00f3s planejamos. Ag\u00eancia de viagens com roteiros personalizados, passagens, hospedagens e experi\u00eancias \u00fanicas.\",\"breadcrumb\":{\"@id\":\"https:\/\/mozzatravel.com.br\/en\/sobre\/#breadcrumb\"},\"inLanguage\":\"en-US\",\"potentialAction\":[{\"@type\":\"ReadAction\",\"target\":[\"https:\/\/mozzatravel.com.br\/en\/sobre\/\"]}]},{\"@type\":\"ImageObject\",\"inLanguage\":\"en-US\",\"@id\":\"https:\/\/mozzatravel.com.br\/en\/sobre\/#primaryimage\",\"url\":\"https:\/\/mozzatravel.com.br\/wp-content\/uploads\/2025\/08\/pexels-cao-vi-ton-449370203-17157519-683x1024.jpg\",\"contentUrl\":\"https:\/\/mozzatravel.com.br\/wp-content\/uploads\/2025\/08\/pexels-cao-vi-ton-449370203-17157519-683x1024.jpg\"},{\"@type\":\"BreadcrumbList\",\"@id\":\"https:\/\/mozzatravel.com.br\/en\/sobre\/#breadcrumb\",\"itemListElement\":[{\"@type\":\"ListItem\",\"position\":1,\"name\":\"In\u00edcio\",\"item\":\"https:\/\/mozzatravel.com.br\/en\/\"},{\"@type\":\"ListItem\",\"position\":2,\"name\":\"Sobre\"}]},{\"@type\":\"WebSite\",\"@id\":\"https:\/\/mozzatravel.com.br\/#website\",\"url\":\"https:\/\/mozzatravel.com.br\/\",\"name\":\"mozza travel\",\"description\":\"ag\u00eancia de viagens especializada em criar experi\u00eancias sob medida.\",\"publisher\":{\"@id\":\"https:\/\/mozzatravel.com.br\/#organization\"},\"potentialAction\":[{\"@type\":\"SearchAction\",\"target\":{\"@type\":\"EntryPoint\",\"urlTemplate\":\"https:\/\/mozzatravel.com.br\/?s={search_term_string}\"},\"query-input\":{\"@type\":\"PropertyValueSpecification\",\"valueRequired\":true,\"valueName\":\"search_term_string\"}}],\"inLanguage\":\"en-US\"},{\"@type\":\"Organization\",\"@id\":\"https:\/\/mozzatravel.com.br\/#organization\",\"name\":\"Mozza Travel\",\"url\":\"https:\/\/mozzatravel.com.br\/\",\"logo\":{\"@type\":\"ImageObject\",\"inLanguage\":\"en-US\",\"@id\":\"https:\/\/mozzatravel.com.br\/#\/schema\/logo\/image\/\",\"url\":\"https:\/\/mozzatravel.com.br\/wp-content\/uploads\/2025\/08\/logo-mozza-travel-verde-es.png\",\"contentUrl\":\"https:\/\/mozzatravel.com.br\/wp-content\/uploads\/2025\/08\/logo-mozza-travel-verde-es.png\",\"width\":1600,\"height\":400,\"caption\":\"Mozza Travel\"},\"image\":{\"@id\":\"https:\/\/mozzatravel.com.br\/#\/schema\/logo\/image\/\"},\"sameAs\":[\"https:\/\/instagram.com\/mozzatravel\"]}]}<\/script>\n<!-- \/ Yoast SEO plugin. -->","yoast_head_json":{"title":"Sobre - Mozza Travel","description":"Voc\u00ea sonha, n\u00f3s planejamos. Ag\u00eancia de viagens com roteiros personalizados, passagens, hospedagens e experi\u00eancias \u00fanicas.","robots":{"index":"index","follow":"follow","max-snippet":"max-snippet:-1","max-image-preview":"max-image-preview:large","max-video-preview":"max-video-preview:-1"},"canonical":"https:\/\/mozzatravel.com.br\/en\/sobre\/","og_locale":"en_US","og_type":"article","og_title":"Sobre - Mozza Travel","og_description":"Voc\u00ea sonha, n\u00f3s planejamos. Ag\u00eancia de viagens com roteiros personalizados, passagens, hospedagens e experi\u00eancias \u00fanicas.","og_url":"https:\/\/mozzatravel.com.br\/en\/sobre\/","og_site_name":"Mozza Travel","article_modified_time":"2025-09-28T04:00:25+00:00","og_image":[{"url":"https:\/\/mozzatravel.com.br\/wp-content\/uploads\/2025\/08\/pexels-cao-vi-ton-449370203-17157519-683x1024.jpg","type":"","width":"","height":""}],"twitter_card":"summary_large_image","twitter_misc":{"Est. reading time":"2 minutes"},"schema":{"@context":"https:\/\/schema.org","@graph":[{"@type":"WebPage","@id":"https:\/\/mozzatravel.com.br\/en\/sobre\/","url":"https:\/\/mozzatravel.com.br\/en\/sobre\/","name":"Sobre - Mozza Travel","isPartOf":{"@id":"https:\/\/mozzatravel.com.br\/#website"},"primaryImageOfPage":{"@id":"https:\/\/mozzatravel.com.br\/en\/sobre\/#primaryimage"},"image":{"@id":"https:\/\/mozzatravel.com.br\/en\/sobre\/#primaryimage"},"thumbnailUrl":"https:\/\/mozzatravel.com.br\/wp-content\/uploads\/2025\/08\/pexels-cao-vi-ton-449370203-17157519-683x1024.jpg","datePublished":"2025-08-16T05:14:55+00:00","dateModified":"2025-09-28T04:00:25+00:00","description":"Voc\u00ea sonha, n\u00f3s planejamos. Ag\u00eancia de viagens com roteiros personalizados, passagens, hospedagens e experi\u00eancias \u00fanicas.","breadcrumb":{"@id":"https:\/\/mozzatravel.com.br\/en\/sobre\/#breadcrumb"},"inLanguage":"en-US","potentialAction":[{"@type":"ReadAction","target":["https:\/\/mozzatravel.com.br\/en\/sobre\/"]}]},{"@type":"ImageObject","inLanguage":"en-US","@id":"https:\/\/mozzatravel.com.br\/en\/sobre\/#primaryimage","url":"https:\/\/mozzatravel.com.br\/wp-content\/uploads\/2025\/08\/pexels-cao-vi-ton-449370203-17157519-683x1024.jpg","contentUrl":"https:\/\/mozzatravel.com.br\/wp-content\/uploads\/2025\/08\/pexels-cao-vi-ton-449370203-17157519-683x1024.jpg"},{"@type":"BreadcrumbList","@id":"https:\/\/mozzatravel.com.br\/en\/sobre\/#breadcrumb","itemListElement":[{"@type":"ListItem","position":1,"name":"In\u00edcio","item":"https:\/\/mozzatravel.com.br\/en\/"},{"@type":"ListItem","position":2,"name":"Sobre"}]},{"@type":"WebSite","@id":"https:\/\/mozzatravel.com.br\/#website","url":"https:\/\/mozzatravel.com.br\/","name":"mozza travel","description":"ag\u00eancia de viagens especializada em criar experi\u00eancias sob medida.","publisher":{"@id":"https:\/\/mozzatravel.com.br\/#organization"},"potentialAction":[{"@type":"SearchAction","target":{"@type":"EntryPoint","urlTemplate":"https:\/\/mozzatravel.com.br\/?s={search_term_string}"},"query-input":{"@type":"PropertyValueSpecification","valueRequired":true,"valueName":"search_term_string"}}],"inLanguage":"en-US"},{"@type":"Organization","@id":"https:\/\/mozzatravel.com.br\/#organization","name":"Mozza Travel","url":"https:\/\/mozzatravel.com.br\/","logo":{"@type":"ImageObject","inLanguage":"en-US","@id":"https:\/\/mozzatravel.com.br\/#\/schema\/logo\/image\/","url":"https:\/\/mozzatravel.com.br\/wp-content\/uploads\/2025\/08\/logo-mozza-travel-verde-es.png","contentUrl":"https:\/\/mozzatravel.com.br\/wp-content\/uploads\/2025\/08\/logo-mozza-travel-verde-es.png","width":1600,"height":400,"caption":"Mozza Travel"},"image":{"@id":"https:\/\/mozzatravel.com.br\/#\/schema\/logo\/image\/"},"sameAs":["https:\/\/instagram.com\/mozzatravel"]}]}},"_hostinger_reach_plugin_has_subscription_block":false,"_hostinger_reach_plugin_is_elementor":false,"_links":{"self":[{"href":"https:\/\/mozzatravel.com.br\/en\/wp-json\/wp\/v2\/pages\/3450","targetHints":{"allow":["GET"]}}],"collection":[{"href":"https:\/\/mozzatravel.com.br\/en\/wp-json\/wp\/v2\/pages"}],"about":[{"href":"https:\/\/mozzatravel.com.br\/en\/wp-json\/wp\/v2\/types\/page"}],"author":[{"embeddable":true,"href":"https:\/\/mozzatravel.com.br\/en\/wp-json\/wp\/v2\/users\/1"}],"replies":[{"embeddable":true,"href":"https:\/\/mozzatravel.com.br\/en\/wp-json\/wp\/v2\/comments?post=3450"}],"version-history":[{"count":56,"href":"https:\/\/mozzatravel.com.br\/en\/wp-json\/wp\/v2\/pages\/3450\/revisions"}],"predecessor-version":[{"id":4050,"href":"https:\/\/mozzatravel.com.br\/en\/wp-json\/wp\/v2\/pages\/3450\/revisions\/4050"}],"wp:attachment":[{"href":"https:\/\/mozzatravel.com.br\/en\/wp-json\/wp\/v2\/media?parent=3450"}],"curies":[{"name":"wp","href":"https:\/\/api.w.org\/{rel}","templated":true}]}}